{"id":4393,"date":"2017-02-22T01:06:33","date_gmt":"2017-02-22T01:06:33","guid":{"rendered":"http:\/\/www.sindbadjewellery.com\/home\/"},"modified":"2021-07-05T19:19:51","modified_gmt":"2021-07-05T19:19:51","slug":"home","status":"publish","type":"page","link":"https:\/\/www.sindbadjewellery.com\/fr\/","title":{"rendered":"Accueil"},"content":{"rendered":"<p>[vc_row css_animation=&#8221;&#8221; row_type=&#8221;row&#8221; use_row_as_full_screen_section=&#8221;no&#8221; type=&#8221;full_width&#8221; angled_section=&#8221;no&#8221; text_align=&#8221;left&#8221; background_image_as_pattern=&#8221;without_pattern&#8221; background_color=&#8221;#ffffff&#8221; el_class=&#8221;text-center&#8221; css=&#8221;.vc_custom_1590357106198{padding-top: 80px !important;}&#8221; z_index=&#8221;&#8221;][vc_column][vc_row_inner row_type=&#8221;row&#8221; type=&#8221;full_width&#8221; text_align=&#8221;left&#8221; css_animation=&#8221;&#8221;][vc_column_inner el_class=&#8221;text-center&#8221;][vc_raw_html]PGRpdiBjbGFzcz0idGV4dCBhbGxfYXRfb25jZSBzdWJ0aXRsZV9iZWxsb3dfdGl0bGUgbm9fc2VwYXJhdG9yIj4NCjxkaXY+DQo8aDQgY2xhc3M9InFfc2xpZGVfc3VidGl0bGUiIHN0eWxlPSJjb2xvcjogI2JjOWE0MzsgZm9udC1zaXplOiA3NXB4OyBsaW5lLWhlaWdodDogODhweDsgZm9udC1mYW1pbHk6IEdyZWF0IFZpYmVzOyBmb250LXdlaWdodDogNDAwOyB0ZXh0LXNoYWRvdzogbm9uZTsiPlVuIGjDqXJpdGFnZTxicj5kZSBjb25maWFuY2UgZXQgZGUgcmVzcGVjdDwvaDQ+DQo8L2Rpdj4NCjxwIGNsYXNzPSJxX3NsaWRlX3RleHQiIHN0eWxlPSJ0ZXh0LXNoYWRvdzogbm9uZTsgO2NvbG9yOiAjYmM5YTQzOyBmb250LXNpemU6IDI1cHg7IGxpbmUtaGVpZ2h0OiAyNXB4OyBmb250LWZhbWlseTogTG9yYTsgdGV4dC10cmFuc2Zvcm06IGNhcGl0YWxpemU7IHBhZGRpbmctdG9wOiAwcHg7Ij5Hcm9zc2lzdGUgPGltZyBzdHlsZT0idmVydGljYWwtYWxpZ246IG1pZGRsZTsgaGVpZ2h0OiA1MHB4OyIgc3JjPSJodHRwczovL3d3dy5zaW5kYmFkamV3ZWxsZXJ5LmNvbS93cC1jb250ZW50L3VwbG9hZHMvMjAxNy8wMi9tYWRlLWluLWNhbmFkYV8xMDB4MTAwLnBuZyIgLz4gRmFicmljYW50PC9wPg0KDQo8L2Rpdj4=[\/vc_raw_html][vc_empty_space height=&#8221;60px&#8221;][vc_text_separator title=&#8221;Produits recents&#8221; border=&#8221;no&#8221;][vc_empty_space height=&#8221;40px&#8221;][vc_column_text]<form autocomplete=\"off\" name=\"wpv-filter-178740\" action=\"\/fr\/wp-json\/wp\/v2\/pages\/4393?wpv_view_count=178740\" method=\"get\" class=\"wpv-filter-form js-wpv-filter-form js-wpv-filter-form-178740 js-wpv-form-full\" data-viewnumber=\"178740\" data-viewid=\"178740\" data-viewhash=\"eyJuYW1lIjoibGF0ZXN0LXByb2R1Y3RzIn0=\" data-viewwidgetid=\"0\" data-orderby=\"\" data-order=\"\" data-orderbyas=\"\" data-orderbysecond=\"\" data-ordersecond=\"\" data-parametric=\"{&quot;query&quot;:&quot;normal&quot;,&quot;id&quot;:178740,&quot;view_id&quot;:178740,&quot;widget_id&quot;:0,&quot;view_hash&quot;:&quot;178740&quot;,&quot;action&quot;:&quot;\\\/fr\\\/wp-json\\\/wp\\\/v2\\\/pages\\\/4393?wpv_view_count=178740&quot;,&quot;sort&quot;:{&quot;orderby&quot;:&quot;&quot;,&quot;order&quot;:&quot;&quot;,&quot;orderby_as&quot;:&quot;&quot;,&quot;orderby_second&quot;:&quot;&quot;,&quot;order_second&quot;:&quot;&quot;},&quot;orderby&quot;:&quot;&quot;,&quot;order&quot;:&quot;&quot;,&quot;orderby_as&quot;:&quot;&quot;,&quot;orderby_second&quot;:&quot;&quot;,&quot;order_second&quot;:&quot;&quot;,&quot;ajax_form&quot;:&quot;&quot;,&quot;ajax_results&quot;:&quot;&quot;,&quot;effect&quot;:&quot;fade&quot;,&quot;prebefore&quot;:&quot;&quot;,&quot;before&quot;:&quot;&quot;,&quot;after&quot;:&quot;&quot;,&quot;attributes&quot;:[],&quot;environment&quot;:{&quot;current_post_id&quot;:4393,&quot;parent_post_id&quot;:4393,&quot;parent_term_id&quot;:0,&quot;parent_user_id&quot;:0,&quot;archive&quot;:{&quot;type&quot;:&quot;&quot;,&quot;name&quot;:&quot;&quot;,&quot;data&quot;:[]}},&quot;loop&quot;:{&quot;type&quot;:&quot;&quot;,&quot;name&quot;:&quot;&quot;,&quot;data&quot;:[],&quot;id&quot;:0}}\" data-attributes=\"[]\" data-environment=\"{&quot;current_post_id&quot;:4393,&quot;parent_post_id&quot;:4393,&quot;parent_term_id&quot;:0,&quot;parent_user_id&quot;:0,&quot;archive&quot;:{&quot;type&quot;:&quot;&quot;,&quot;name&quot;:&quot;&quot;,&quot;data&quot;:[]}}\"><input type=\"hidden\" class=\"js-wpv-dps-filter-data js-wpv-filter-data-for-this-form\" data-action=\"\/fr\/wp-json\/wp\/v2\/pages\/4393?wpv_view_count=178740\" data-page=\"1\" data-ajax=\"disable\" data-effect=\"fade\" data-maxpages=\"4\" data-ajaxprebefore=\"\" data-ajaxbefore=\"\" data-ajaxafter=\"\" \/><input class=\"wpv_view_count wpv_view_count-178740\" type=\"hidden\" name=\"wpv_view_count\" value=\"178740\" \/>\n\n<\/form>\n<div id=\"wpv-view-layout-178740\" class=\"js-wpv-view-layout js-wpv-layout-responsive js-wpv-view-layout-178740 wpv-pagination js-wpv-layout-has-pagination wpv-pagination-preload-images js-wpv-layout-preload-images wpv-pagination-preload-pages js-wpv-layout-preload-pages\" style=\"visibility:hidden;\" data-viewnumber=\"178740\" data-pagination=\"{&quot;id&quot;:178740,&quot;query&quot;:&quot;normal&quot;,&quot;type&quot;:&quot;rollover&quot;,&quot;effect&quot;:&quot;fade&quot;,&quot;duration&quot;:500,&quot;speed&quot;:5,&quot;pause_on_hover&quot;:&quot;disabled&quot;,&quot;stop_rollover&quot;:&quot;true&quot;,&quot;cache_pages&quot;:&quot;enabled&quot;,&quot;preload_images&quot;:&quot;enabled&quot;,&quot;preload_pages&quot;:&quot;enabled&quot;,&quot;preload_reach&quot;:1,&quot;spinner&quot;:&quot;builtin&quot;,&quot;spinner_image&quot;:&quot;https:\/\/www.sindbadjewellery.com\/wp-content\/plugins\/wp-views\/embedded\/res\/img\/ajax-loader-overlay.svg&quot;,&quot;callback_next&quot;:&quot;&quot;,&quot;manage_history&quot;:&quot;disabled&quot;,&quot;has_controls_in_form&quot;:&quot;disabled&quot;,&quot;infinite_tolerance&quot;:0,&quot;max_pages&quot;:4,&quot;page&quot;:1,&quot;base_permalink&quot;:&quot;\/fr\/wp-json\/wp\/v2\/pages\/4393?wpv_view_count=178740&amp;wpv_paged=WPV_PAGE_NUM&quot;,&quot;loop&quot;:{&quot;type&quot;:&quot;&quot;,&quot;name&quot;:&quot;&quot;,&quot;data&quot;:[],&quot;id&quot;:0}}\" data-permalink=\"\/fr\/wp-json\/wp\/v2\/pages\/4393?wpv_view_count=178740\">\n\n\t\n\t\n<div class=\"vc_row\">\n\t\n\t\t\t<div class=\"vc_col-md-3 latest-prod\">\n\t<img decoding=\"async\" src=\"https:\/\/www.sindbadjewellery.com\/wp-content\/uploads\/2025\/03\/LR1094-500x500.jpg\">\n\t<h2><a href=\"https:\/\/www.sindbadjewellery.com\/fr\/product\/lr1094\/\">LR1094<\/a><\/h2>\n\t<small>&nbsp;<\/small>\n<\/div>\n\t\n\t\t\t<div class=\"vc_col-md-3 latest-prod\">\n\t<img decoding=\"async\" src=\"https:\/\/www.sindbadjewellery.com\/wp-content\/uploads\/2025\/03\/LR1093-500x500.jpg\">\n\t<h2><a href=\"https:\/\/www.sindbadjewellery.com\/fr\/product\/lr1093\/\">LR1093<\/a><\/h2>\n\t<small>&nbsp;<\/small>\n<\/div>\n\t\n\t\t\t<div class=\"vc_col-md-3 latest-prod\">\n\t<img decoding=\"async\" src=\"https:\/\/www.sindbadjewellery.com\/wp-content\/uploads\/2025\/03\/LR1092C-500x500.jpg\">\n\t<h2><a href=\"https:\/\/www.sindbadjewellery.com\/fr\/product\/lr1092c\/\">LR1092+C<\/a><\/h2>\n\t<small>&nbsp;<\/small>\n<\/div>\n\t\n\t\t\t<div class=\"vc_col-md-3 latest-prod\">\n\t<img decoding=\"async\" src=\"https:\/\/www.sindbadjewellery.com\/wp-content\/uploads\/2025\/03\/LR1092B-500x500.jpg\">\n\t<h2><a href=\"https:\/\/www.sindbadjewellery.com\/fr\/product\/lr1092b\/\">LR1092+B<\/a><\/h2>\n\t<small>&nbsp;<\/small>\n<\/div>\n\t\n<\/div>\n\t\t\n\t\n\t\n<\/div>\n[\/vc_column_text][\/vc_column_inner][\/vc_row_inner][\/vc_column][\/vc_row][vc_row css_animation=&#8221;&#8221; row_type=&#8221;row&#8221; use_row_as_full_screen_section=&#8221;no&#8221; type=&#8221;full_width&#8221; angled_section=&#8221;no&#8221; text_align=&#8221;left&#8221; background_image_as_pattern=&#8221;without_pattern&#8221; css=&#8221;.vc_custom_1590357148111{padding-top: 40px !important;padding-bottom: 60px !important;background-color: #ffffff !important;}&#8221; z_index=&#8221;&#8221;][vc_column el_class=&#8221;text-center&#8221;][vc_text_separator title=&#8221;Voir les produits&#8221; border=&#8221;no&#8221;][vc_empty_space height=&#8221;40px&#8221;][vc_row_inner row_type=&#8221;row&#8221; type=&#8221;full_width&#8221; text_align=&#8221;left&#8221; css_animation=&#8221;&#8221;][vc_column_inner el_class=&#8221;text-center&#8221; width=&#8221;1\/2&#8243; css=&#8221;.vc_custom_1590358582719{padding-right: 20px !important;padding-left: 20px !important;}&#8221;][vc_column_text]<\/p>\n<h2 style=\"text-align: center;\">Femmes<\/h2>\n<p>[\/vc_column_text][vc_empty_space height=&#8221;15px&#8221;]\n\n\t<a href=\"https:\/\/www.sindbadjewellery.com\/product-category\/ladies-diamond\/ladies-diamond-rings\/\" target=\"_self\"  class=\"qode-btn qode-btn-medium qode-btn-solid product-cat qode-btn-default-hover\"  >\n\t    <span class=\"qode-btn-text\">Bagues en diamant 14 kt<\/span>\t<\/a>\n\n[vc_empty_space height=&#8221;15px&#8221;]\n\n\t<a href=\"https:\/\/www.sindbadjewellery.com\/product-category\/ladies-diamond\/ladies-diamond-earrings\/\" target=\"_self\"  class=\"qode-btn qode-btn-medium qode-btn-solid product-cat qode-btn-default-hover\"  >\n\t    <span class=\"qode-btn-text\">Boucles d&#039;oreilles en diamant 14 kt<\/span>\t<\/a>\n\n[vc_empty_space height=&#8221;15px&#8221;]\n\n\t<a href=\"https:\/\/www.sindbadjewellery.com\/product-category\/ladies-diamond\/14kt-ladies-diamond-bracelets\/\" target=\"_self\"  class=\"qode-btn qode-btn-medium qode-btn-solid product-cat qode-btn-default-hover\"  >\n\t    <span class=\"qode-btn-text\">Bracelets en diamant de 14 kt<\/span>\t<\/a>\n\n[vc_empty_space height=&#8221;15px&#8221;]\n\n\t<a href=\"https:\/\/www.sindbadjewellery.com\/product-category\/ladies-diamond\/14kt-ladies-diamond-pendants\/\" target=\"_self\"  class=\"qode-btn qode-btn-medium qode-btn-solid product-cat qode-btn-default-hover\"  >\n\t    <span class=\"qode-btn-text\">Pendentifs diamant 14 kt<\/span>\t<\/a>\n\n[vc_empty_space height=&#8221;15px&#8221;][\/vc_column_inner][vc_column_inner el_class=&#8221;text-center&#8221; width=&#8221;1\/2&#8243; css=&#8221;.vc_custom_1590358574588{padding-right: 20px !important;padding-left: 20px !important;}&#8221;][vc_column_text]<\/p>\n<h2 style=\"text-align: center;\">Hommes<\/h2>\n<p>[\/vc_column_text][vc_empty_space height=&#8221;15px&#8221;]\n\n\t<a href=\"https:\/\/www.sindbadjewellery.com\/product-category\/mens\/10kt-mens-casting-bracelets-necklaces\/\" target=\"_self\"  class=\"qode-btn qode-btn-medium qode-btn-solid product-cat qode-btn-default-hover\"  >\n\t    <span class=\"qode-btn-text\">Bracelets et colliers de coul\u00e9e 10kt<\/span>\t<\/a>\n\n[vc_empty_space height=&#8221;15px&#8221;]\n\n\t<a href=\"https:\/\/www.sindbadjewellery.com\/product-category\/mens\/mens-diamond-rings\/\" target=\"_self\"  class=\"qode-btn qode-btn-medium qode-btn-solid product-cat qode-btn-default-hover\"  >\n\t    <span class=\"qode-btn-text\">Bagues pour hommes 14 kt<\/span>\t<\/a>\n\n[vc_empty_space height=&#8221;15px&#8221;]\n\n\t<a href=\"https:\/\/www.sindbadjewellery.com\/product-category\/mens\/14kt-mens-pendants\/\" target=\"_self\"  class=\"qode-btn qode-btn-medium qode-btn-solid product-cat qode-btn-default-hover\"  >\n\t    <span class=\"qode-btn-text\">Pendentifs 14kt<\/span>\t<\/a>\n\n[vc_empty_space height=&#8221;15px&#8221;][\/vc_column_inner][\/vc_row_inner][\/vc_column][\/vc_row][vc_row css_animation=&#8221;&#8221; row_type=&#8221;row&#8221; use_row_as_full_screen_section=&#8221;no&#8221; type=&#8221;full_width&#8221; angled_section=&#8221;no&#8221; text_align=&#8221;left&#8221; background_image_as_pattern=&#8221;without_pattern&#8221; css=&#8221;.vc_custom_1590414825129{padding-top: 60px !important;padding-bottom: 60px !important;background-color: #ffffff !important;}&#8221; z_index=&#8221;&#8221;][vc_column el_class=&#8221;text-center&#8221;][vc_text_separator title=&#8221;Dernier catalogue&#8221; border=&#8221;no&#8221;][vc_empty_space height=&#8221;40px&#8221;][vc_column_text]\n\n\n<div id=\"wpv-view-layout-4571\" class=\"js-wpv-view-layout js-wpv-layout-responsive js-wpv-view-layout-4571\" data-viewnumber=\"4571\" data-pagination=\"{&quot;id&quot;:4571,&quot;query&quot;:&quot;normal&quot;,&quot;type&quot;:&quot;disabled&quot;,&quot;effect&quot;:&quot;fade&quot;,&quot;duration&quot;:500,&quot;speed&quot;:5,&quot;pause_on_hover&quot;:&quot;disabled&quot;,&quot;stop_rollover&quot;:&quot;false&quot;,&quot;cache_pages&quot;:&quot;enabled&quot;,&quot;preload_images&quot;:&quot;enabled&quot;,&quot;preload_pages&quot;:&quot;enabled&quot;,&quot;preload_reach&quot;:1,&quot;spinner&quot;:&quot;builtin&quot;,&quot;spinner_image&quot;:&quot;https:\/\/www.sindbadjewellery.com\/wp-content\/plugins\/wp-views\/res\/img\/ajax-loader.gif&quot;,&quot;callback_next&quot;:&quot;&quot;,&quot;manage_history&quot;:&quot;enabled&quot;,&quot;has_controls_in_form&quot;:&quot;disabled&quot;,&quot;infinite_tolerance&quot;:&quot;0&quot;,&quot;max_pages&quot;:1,&quot;page&quot;:1,&quot;base_permalink&quot;:&quot;\/fr\/wp-json\/wp\/v2\/pages\/4393?wpv_view_count=4571&amp;wpv_paged=WPV_PAGE_NUM&quot;,&quot;loop&quot;:{&quot;type&quot;:&quot;&quot;,&quot;name&quot;:&quot;&quot;,&quot;data&quot;:[],&quot;id&quot;:0}}\" data-permalink=\"\/fr\/wp-json\/wp\/v2\/pages\/4393?wpv_view_count=4571\">\n\n\t\n\t<div class=\"vc_row wpb_row section vc_row-fluid text-center\" style=\" text-align:left;\"><div class=\" full_section_inner clearfix\">\n\t\n\t\n\t\t\n        <div class=\"wpb_column vc_column_container vc_col-sm-4\">\n      \t<div class=\"vc_column-inner \"><div class=\"wpb_wrapper\">\n\t<div class=\"wpb_single_image wpb_content_element vc_align_center  element_from_fade element_from_fade_on\">\n\t\t<div class=\"wpb_wrapper\">\n\t\t\t<div class=\"catalog-holder\">\n\t\t\t<div class=\"vc_single_image-wrapper vc_box_shadow_3d  vc_box_border_grey catalog-cover\" style=\"margin-bottom:0\";><span class=\"vc_box_shadow_3d_wrap\">\n              <span class=\"catalog-new\">New!<\/span>\n              <a class=\"_df_custom\" source=\"https:\/\/www.sindbadjewellery.com\/wp-content\/uploads\/2020\/05\/Sindbad_10KT_CHAIN_ORDER_FORM_Jul2020_compressed.pdf\" id=\"catalog-178678\"><img decoding=\"async\" style=\"border:1px solid #d8d8d8;\" src=\"https:\/\/www.sindbadjewellery.com\/wp-content\/uploads\/2020\/05\/catalog-chains-cover-wpcf_347x498.png\"><\/a><\/span><\/div>\n          <\/div>\n\t\t<\/div>\n\t<\/div>\n\n\t<div class=\"wpb_text_column wpb_content_element \" style=\"margin-top:10px;\">\n\t\t<div class=\"wpb_wrapper catalog_container\">\n\t\t\t<h5 style=\"text-align: center;\">10KT Chains<\/h5>\n\t\t\t<p style=\"text-align: center;\"><em>Order Form\u00a0<\/em><\/p>\n          <p style=\"text-align: center;\"><small><a href=\"https:\/\/www.sindbadjewellery.com\/wp-content\/uploads\/2020\/05\/Sindbad_10KT_CHAIN_ORDER_FORM_Jul2020_compressed.pdf\" target=\"_blank\" rel=\"noopener noreferrer\">Download PDF<\/a>\u00a0<\/small><\/p>\n          \n          <p style=\"text-align: center;\"><small><a href=\"https:\/\/www.sindbadjewellery.com\/wp-content\/uploads\/2020\/05\/Sindbad_10KT_CHAIN_ORDER_FORM_Jul2020.xlsx\" target=\"_blank\" rel=\"noopener noreferrer\">Download Excel File<\/a>\u00a0<\/small><\/p>\n          \n          \n          <div>\n           <p style=\"text-align: center;\"><small><a href=\"#\" class=\"viewinstructions\" target=\"_blank\" rel=\"noopener noreferrer\">View Instructions<\/a><\/small><\/p>\n            <div class=\"instructions text-center\" style=\"display:none;\"><p>1. Download the Excel file of the Catalog<br \/>\n2. Fill-out your order on the Excel file<br \/>\n3. Save your Excel file<br \/>\n4. E-mail the Excel file to sindbad@sindbadjewellery.com<\/p>\n<\/div>\n          <\/div>\n          \n\t\t<\/div> \n\t<\/div>\n \t<div class=\"vc_empty_space\" style=\"height: 32px\">\n\t\t<span class=\"vc_empty_space_inner\"><span class=\"empty_space_image\"><\/span><\/span>\n\t<\/div>\n          <\/div><\/div>\n      \t<\/div>\n\t\t\n\t\t\n        <div class=\"wpb_column vc_column_container vc_col-sm-4\">\n      \t<div class=\"vc_column-inner \"><div class=\"wpb_wrapper\">\n\t<div class=\"wpb_single_image wpb_content_element vc_align_center  element_from_fade element_from_fade_on\">\n\t\t<div class=\"wpb_wrapper\">\n\t\t\t<div class=\"catalog-holder\">\n\t\t\t<div class=\"vc_single_image-wrapper vc_box_shadow_3d  vc_box_border_grey catalog-cover\" style=\"margin-bottom:0\";><span class=\"vc_box_shadow_3d_wrap\">\n              \n              <a class=\"_df_custom\" source=\"http:\/\/www.sindbadjewellery.com\/wp-content\/uploads\/2019\/10\/MensChains2019-min.pdf\" id=\"catalog-174194\"><img decoding=\"async\" style=\"border:1px solid #d8d8d8;\" src=\"https:\/\/www.sindbadjewellery.com\/wp-content\/uploads\/2019\/10\/chainscatalog-wpcf_347x498.png\"><\/a><\/span><\/div>\n          <\/div>\n\t\t<\/div>\n\t<\/div>\n\n\t<div class=\"wpb_text_column wpb_content_element \" style=\"margin-top:10px;\">\n\t\t<div class=\"wpb_wrapper catalog_container\">\n\t\t\t<h5 style=\"text-align: center;\">Men's Chains Sheet<\/h5>\n\t\t\t<p style=\"text-align: center;\"><em>\u00a0<\/em><\/p>\n          <p style=\"text-align: center;\"><small><a href=\"http:\/\/www.sindbadjewellery.com\/wp-content\/uploads\/2019\/10\/MensChains2019-min.pdf\" target=\"_blank\" rel=\"noopener noreferrer\">Download PDF<\/a>\u00a0<\/small><\/p>\n          \n          \n\t\t<\/div> \n\t<\/div>\n \t<div class=\"vc_empty_space\" style=\"height: 32px\">\n\t\t<span class=\"vc_empty_space_inner\"><span class=\"empty_space_image\"><\/span><\/span>\n\t<\/div>\n          <\/div><\/div>\n      \t<\/div>\n\t\t\n\t\t\n        <div class=\"wpb_column vc_column_container vc_col-sm-4\">\n      \t<div class=\"vc_column-inner \"><div class=\"wpb_wrapper\">\n\t<div class=\"wpb_single_image wpb_content_element vc_align_center  element_from_fade element_from_fade_on\">\n\t\t<div class=\"wpb_wrapper\">\n\t\t\t<div class=\"catalog-holder\">\n\t\t\t<div class=\"vc_single_image-wrapper vc_box_shadow_3d  vc_box_border_grey catalog-cover\" style=\"margin-bottom:0\";><span class=\"vc_box_shadow_3d_wrap\">\n              \n              <a class=\"_df_custom\" source=\"http:\/\/www.sindbadjewellery.com\/wp-content\/uploads\/2017\/02\/Sinbad_2016_Catalogue_final_for-web.pdf\" id=\"catalog-4541\"><img decoding=\"async\" style=\"border:1px solid #d8d8d8;\" src=\"https:\/\/www.sindbadjewellery.com\/wp-content\/uploads\/2017\/02\/catalog_diamonds-2016-wpcf_347x498.jpg\"><\/a><\/span><\/div>\n          <\/div>\n\t\t<\/div>\n\t<\/div>\n\n\t<div class=\"wpb_text_column wpb_content_element \" style=\"margin-top:10px;\">\n\t\t<div class=\"wpb_wrapper catalog_container\">\n\t\t\t<h5 style=\"text-align: center;\">Diamond Collection 2016-2017<\/h5>\n\t\t\t<p style=\"text-align: center;\"><em>\u00a0<\/em><\/p>\n          <p style=\"text-align: center;\"><small><a href=\"http:\/\/www.sindbadjewellery.com\/wp-content\/uploads\/2017\/02\/Sinbad_2016_Catalogue_final_for-web.pdf\" target=\"_blank\" rel=\"noopener noreferrer\">Download PDF<\/a>\u00a0<\/small><\/p>\n          \n          \n\t\t<\/div> \n\t<\/div>\n \t<div class=\"vc_empty_space\" style=\"height: 32px\">\n\t\t<span class=\"vc_empty_space_inner\"><span class=\"empty_space_image\"><\/span><\/span>\n\t<\/div>\n          <\/div><\/div>\n      \t<\/div>\n\t\t\n\t\n      <\/div><\/div>\n\t\n\t\n<\/div>\n[\/vc_column_text]<a  itemprop=\"url\" href=\"\/fr\/catalogs\" target=\"_self\"  class=\"qbutton  small center default\" style=\"\">Voir tous les catalogues<\/a>[\/vc_column][\/vc_row][vc_row css_animation=&#8221;&#8221; row_type=&#8221;row&#8221; use_row_as_full_screen_section=&#8221;no&#8221; type=&#8221;grid&#8221; angled_section=&#8221;no&#8221; text_align=&#8221;left&#8221; background_image_as_pattern=&#8221;without_pattern&#8221; css=&#8221;.vc_custom_1488679698651{padding-top: 40px !important;}&#8221;][vc_column el_class=&#8221;text-center&#8221;][vc_text_separator title=&#8221;Ev\u00e9nements&#8221; border=&#8221;no&#8221;][vc_empty_space height=&#8221;40px&#8221;][vc_column_text]\n\n\n<div id=\"wpv-view-layout-4778\" class=\"js-wpv-view-layout js-wpv-layout-responsive js-wpv-view-layout-4778\" data-viewnumber=\"4778\" data-pagination=\"{&quot;id&quot;:4778,&quot;query&quot;:&quot;normal&quot;,&quot;type&quot;:&quot;disabled&quot;,&quot;effect&quot;:&quot;fade&quot;,&quot;duration&quot;:500,&quot;speed&quot;:5,&quot;pause_on_hover&quot;:&quot;disabled&quot;,&quot;stop_rollover&quot;:&quot;false&quot;,&quot;cache_pages&quot;:&quot;enabled&quot;,&quot;preload_images&quot;:&quot;enabled&quot;,&quot;preload_pages&quot;:&quot;enabled&quot;,&quot;preload_reach&quot;:1,&quot;spinner&quot;:&quot;builtin&quot;,&quot;spinner_image&quot;:&quot;&quot;,&quot;callback_next&quot;:&quot;&quot;,&quot;manage_history&quot;:&quot;enabled&quot;,&quot;has_controls_in_form&quot;:&quot;disabled&quot;,&quot;infinite_tolerance&quot;:0,&quot;max_pages&quot;:1,&quot;page&quot;:1,&quot;base_permalink&quot;:&quot;\/fr\/wp-json\/wp\/v2\/pages\/4393?wpv_view_count=4778&amp;wpv_paged=WPV_PAGE_NUM&quot;,&quot;loop&quot;:{&quot;type&quot;:&quot;&quot;,&quot;name&quot;:&quot;&quot;,&quot;data&quot;:[],&quot;id&quot;:0}}\" data-permalink=\"\/fr\/wp-json\/wp\/v2\/pages\/4393?wpv_view_count=4778\">\n\n\t\n\t\n\t\t<h4 style=\"text-align:center;\">No upcoming events. Please check back soon!<\/h4>\n\t\n<\/div>\n\n<div class=\"events-pagination\" style=\"display:none;\"><\/div>[\/vc_column_text]<a  itemprop=\"url\" href=\"\/fr\/events\" target=\"_self\"  class=\"qbutton  small center default\" style=\"\">Afficher tous les \u00e9v\u00e9nements<\/a>[vc_empty_space height=&#8221;20px&#8221;][\/vc_column][\/vc_row][vc_row css_animation=&#8221;&#8221; row_type=&#8221;row&#8221; use_row_as_full_screen_section=&#8221;no&#8221; type=&#8221;grid&#8221; angled_section=&#8221;no&#8221; text_align=&#8221;left&#8221; background_image_as_pattern=&#8221;without_pattern&#8221; css=&#8221;.vc_custom_1487729525839{background-color: #ffffff !important;}&#8221;][vc_column width=&#8221;1\/2&#8243;][vc_empty_space height=&#8221;60px&#8221;][vc_column_text]<\/p>\n<p style=\"text-align: left;\">Sindbad Inc. a gagn\u00e9 sa r\u00e9putation comme l\u2019un des grossistes bijoux les plus fiables au Canada offrant une gamme compl\u00e8te de services de fabrication et de distribution de bijoux. Depuis 1980, notre d\u00e9vouement sans rel\u00e2che de fournir des produits de haute qualit\u00e9 jumel\u00e9 avec un service \u00e0 la client\u00e8le exceptionnel nous a permis de favoriser des relations durables avec nos clients et m\u00eame d\u00e9passer les attentes de l\u2019industrie. Sindbad Inc. poss\u00e8de des bureaux \u00e0 Montr\u00e9al et \u00e0 Toronto ouvert aux entreprises de bijoux exclusivement.<\/p>\n<p>[\/vc_column_text][vc_empty_space height=&#8221;40px&#8221;][\/vc_column][vc_column width=&#8221;1\/2&#8243;][vc_empty_space height=&#8221;40px&#8221;][vc_column_text]<\/p>\n<h2>Vid\u00e9o: D\u00e9couvrez notre processus<\/h2>\n<p>[\/vc_column_text][vc_empty_space height=&#8221;20px&#8221;][vc_raw_html]PHZpZGVvIHN0eWxlPSJ3aWR0aDogMTAwJTsgaGVpZ2h0OiBhdXRvOyIgY29udHJvbHM9ImNvbnRyb2xzIiB3aWR0aD0iMzAwIiBoZWlnaHQ9IjE1MCI+DQo8c291cmNlIHNyYz0iL3dwLWNvbnRlbnQvdXBsb2Fkcy8yMDE3LzA2L25ld3ZpZC5tcDQiIHR5cGU9InZpZGVvL21wNCIgLz4NCllvdXIgYnJvd3NlciBkb2VzIG5vdCBzdXBwb3J0IHRoZSB2aWRlbyB0YWcuDQo8L3ZpZGVvPg==[\/vc_raw_html][vc_empty_space height=&#8221;40px&#8221;][\/vc_column][\/vc_row]<\/p>\n","protected":false},"excerpt":{"rendered":"<p>[vc_row css_animation=&#8221;&#8221; row_type=&#8221;row&#8221; use_row_as_full_screen_section=&#8221;no&#8221; type=&#8221;full_width&#8221; angled_section=&#8221;no&#8221; text_align=&#8221;left&#8221; background_image_as_pattern=&#8221;without_pattern&#8221; background_color=&#8221;#ffffff&#8221; el_class=&#8221;text-center&#8221;&#8230;<\/p>\n","protected":false},"author":1,"featured_media":0,"parent":0,"menu_order":0,"comment_status":"closed","ping_status":"closed","template":"full_width.php","meta":{"footnotes":""},"class_list":["post-4393","page","type-page","status-publish","hentry"],"_links":{"self":[{"href":"https:\/\/www.sindbadjewellery.com\/fr\/wp-json\/wp\/v2\/pages\/4393","targetHints":{"allow":["GET"]}}],"collection":[{"href":"https:\/\/www.sindbadjewellery.com\/fr\/wp-json\/wp\/v2\/pages"}],"about":[{"href":"https:\/\/www.sindbadjewellery.com\/fr\/wp-json\/wp\/v2\/types\/page"}],"author":[{"embeddable":true,"href":"https:\/\/www.sindbadjewellery.com\/fr\/wp-json\/wp\/v2\/users\/1"}],"replies":[{"embeddable":true,"href":"https:\/\/www.sindbadjewellery.com\/fr\/wp-json\/wp\/v2\/comments?post=4393"}],"version-history":[{"count":24,"href":"https:\/\/www.sindbadjewellery.com\/fr\/wp-json\/wp\/v2\/pages\/4393\/revisions"}],"predecessor-version":[{"id":181431,"href":"https:\/\/www.sindbadjewellery.com\/fr\/wp-json\/wp\/v2\/pages\/4393\/revisions\/181431"}],"wp:attachment":[{"href":"https:\/\/www.sindbadjewellery.com\/fr\/wp-json\/wp\/v2\/media?parent=4393"}],"curies":[{"name":"wp","href":"https:\/\/api.w.org\/{rel}","templated":true}]}}