{"id":5582,"date":"2017-02-22T01:06:50","date_gmt":"2017-02-22T01:06:50","guid":{"rendered":"http:\/\/www.sindbadjewellery.com\/about\/"},"modified":"2020-05-25T14:14:12","modified_gmt":"2020-05-25T14:14:12","slug":"a-propos","status":"publish","type":"page","link":"https:\/\/www.sindbadjewellery.com\/fr\/a-propos\/","title":{"rendered":"\u00c0 Propos"},"content":{"rendered":"<p>[vc_row css_animation=&#8221;&#8221; row_type=&#8221;row&#8221; use_row_as_full_screen_section=&#8221;no&#8221; type=&#8221;full_width&#8221; angled_section=&#8221;no&#8221; text_align=&#8221;left&#8221; background_image_as_pattern=&#8221;without_pattern&#8221;][vc_column width=&#8221;5\/6&#8243;][vc_column_text]<\/p>\n<p style=\"text-align: left;\"><img loading=\"lazy\" decoding=\"async\" class=\"alignright wp-image-4653 size-full\" src=\"http:\/\/www.sindbadjewellery.com\/wp-content\/uploads\/2017\/02\/made-in-canada_100x100.png\" width=\"100\" height=\"100\" \/>Sindbad Inc. a gagn\u00e9 sa r\u00e9putation comme l\u2019un des grossistes bijoux les plus fiables au Canada offrant une gamme compl\u00e8te de services de fabrication et de distribution de bijoux.<\/p>\n<p style=\"text-align: left;\">Depuis 1980, notre d\u00e9vouement sans rel\u00e2che de fournir des produits de haute qualit\u00e9 jumel\u00e9 avec un service \u00e0 la client\u00e8le exceptionnel nous a permis de favoriser des relations durables avec nos clients et m\u00eame d\u00e9passer les attentes de l\u2019industrie.<\/p>\n<p style=\"text-align: left;\">Sindbad Inc. poss\u00e8de des bureaux \u00e0 Montr\u00e9al et \u00e0 Toronto ouvert aux entreprises de bijoux exclusivement.<\/p>\n<p>[\/vc_column_text][vc_empty_space height=&#8221;20px&#8221;][\/vc_column][vc_column width=&#8221;1\/6&#8243;][vc_single_image image=&#8221;178780&#8243; img_size=&#8221;&#8221; alignment=&#8221;center&#8221; qode_css_animation=&#8221;&#8221;][vc_empty_space height=&#8221;20px&#8221;][\/vc_column][\/vc_row][vc_row css_animation=&#8221;&#8221; row_type=&#8221;row&#8221; use_row_as_full_screen_section=&#8221;no&#8221; type=&#8221;grid&#8221; angled_section=&#8221;no&#8221; text_align=&#8221;left&#8221; background_image_as_pattern=&#8221;without_pattern&#8221;][vc_column width=&#8221;1\/3&#8243;]<div class=\"q_counter_holder  center boxed_counter\" style=\"\" data-digit=\"37\"><span class=\"counter  zero\" style=\"\">37<\/span><span class=\"separator small\" style=\"\"><\/span><p class=\"counter_text\" style=\"\">ann\u00e9es dans l'industrie<\/p><\/div>[\/vc_column][vc_column width=&#8221;1\/3&#8243;]<div class=\"q_counter_holder  center boxed_counter\" style=\"\" data-digit=\"30000\"><span class=\"counter  zero\" style=\"\">30000<\/span><span class=\"separator small\" style=\"\"><\/span><p class=\"counter_text\" style=\"\">produits disponibles<\/p><\/div>[\/vc_column][vc_column width=&#8221;1\/3&#8243;]<div class=\"q_counter_holder  center boxed_counter\" style=\"\" data-digit=\"2000\"><span class=\"counter  zero\" style=\"\">2000<\/span><span class=\"separator small\" style=\"\"><\/span><p class=\"counter_text\" style=\"\">clients dans le monde<\/p><\/div>[\/vc_column][\/vc_row][vc_row css_animation=&#8221;&#8221; row_type=&#8221;row&#8221; use_row_as_full_screen_section=&#8221;no&#8221; type=&#8221;full_width&#8221; angled_section=&#8221;no&#8221; text_align=&#8221;left&#8221; background_image_as_pattern=&#8221;without_pattern&#8221;][vc_column][vc_empty_space height=&#8221;40px&#8221;][vc_text_separator title=&#8221;Nos services&#8221; border=&#8221;no&#8221;][vc_empty_space height=&#8221;40px&#8221;][vc_row_inner row_type=&#8221;row&#8221; type=&#8221;full_width&#8221; text_align=&#8221;left&#8221; css_animation=&#8221;&#8221;][vc_column_inner width=&#8221;1\/2&#8243;][vc_column_text]<\/p>\n<h4>Distribution fiable et efficace<\/h4>\n<p>Au cours de plus de trois d\u00e9cennies, Sindbad Inc. a continu\u00e9 \u00e0 perfectionner sa capacit\u00e9 de fournir efficacement des produits de bijoux \u00e0 des d\u00e9taillants, le secteur industriel et les propri\u00e9taires d\u2019entreprises commerciales. En tenant compte des changements constants du march\u00e9 et en pr\u00e9voyant les tendances \u00e0 venir, Sindbad Inc. maintient son inventaire local approvisionn\u00e9 afin de satisfaire rapidement les commandes de ses clients \u00e0 travers le Canada.[\/vc_column_text][vc_empty_space height=&#8221;40px&#8221;][\/vc_column_inner][vc_column_inner width=&#8221;1\/2&#8243;][vc_column_text]<\/p>\n<h4>Conception &amp; fabrication<\/h4>\n<p>Les \u00e9quipes locales de conception et de fabrication de Sindbad Inc. ne cessent de cr\u00e9er de beaux et uniques articles de bijouterie pour sa distribution aux clients. En outre, Sindbad Inc. fabrique habilement des bijoux sur mesure pour ses clients et les livre avec rapidit\u00e9 et pr\u00e9cision.[\/vc_column_text][vc_empty_space height=&#8221;40px&#8221;][\/vc_column_inner][\/vc_row_inner][\/vc_column][\/vc_row][vc_row css_animation=&#8221;&#8221; row_type=&#8221;row&#8221; use_row_as_full_screen_section=&#8221;no&#8221; type=&#8221;full_width&#8221; angled_section=&#8221;no&#8221; text_align=&#8221;left&#8221; background_image_as_pattern=&#8221;without_pattern&#8221;][vc_column][vc_text_separator title=&#8221;Prochaines \u00e9tapes&#8221; border=&#8221;no&#8221;][vc_empty_space height=&#8221;40px&#8221;][vc_row_inner row_type=&#8221;row&#8221; type=&#8221;full_width&#8221; text_align=&#8221;left&#8221; css_animation=&#8221;&#8221;][vc_column_inner width=&#8221;1\/3&#8243;]<a  itemprop=\"url\" href=\"\/fr\/devenir-client\" target=\"_self\"  class=\"qbutton  big_large_full_width default\" style=\"\">Devenir client<\/a>[vc_empty_space height=&#8221;40px&#8221;][\/vc_column_inner][vc_column_inner width=&#8221;1\/3&#8243;]<a  itemprop=\"url\" href=\"\/fr\/catalogues\" target=\"_self\"  class=\"qbutton  big_large_full_width center default\" style=\"\">Voir nos catalogues<\/a>[vc_empty_space height=&#8221;40px&#8221;][\/vc_column_inner][vc_column_inner width=&#8221;1\/3&#8243;]<a  itemprop=\"url\" href=\"\/fr\/contact\" target=\"_self\"  class=\"qbutton  big_large_full_width default\" style=\"\">Contactez Sindbad Inc.<\/a>[vc_empty_space height=&#8221;40px&#8221;][\/vc_column_inner][\/vc_row_inner][vc_empty_space height=&#8221;60px&#8221;][\/vc_column][\/vc_row]<\/p>\n","protected":false},"excerpt":{"rendered":"<p>[vc_row css_animation=&#8221;&#8221; row_type=&#8221;row&#8221; use_row_as_full_screen_section=&#8221;no&#8221; type=&#8221;full_width&#8221; angled_section=&#8221;no&#8221; text_align=&#8221;left&#8221; background_image_as_pattern=&#8221;without_pattern&#8221;][vc_column width=&#8221;5\/6&#8243;][vc_column_text] Sindbad&#8230;<\/p>\n","protected":false},"author":1,"featured_media":0,"parent":0,"menu_order":0,"comment_status":"closed","ping_status":"closed","template":"","meta":{"footnotes":""},"class_list":["post-5582","page","type-page","status-publish","hentry"],"_links":{"self":[{"href":"https:\/\/www.sindbadjewellery.com\/fr\/wp-json\/wp\/v2\/pages\/5582","targetHints":{"allow":["GET"]}}],"collection":[{"href":"https:\/\/www.sindbadjewellery.com\/fr\/wp-json\/wp\/v2\/pages"}],"about":[{"href":"https:\/\/www.sindbadjewellery.com\/fr\/wp-json\/wp\/v2\/types\/page"}],"author":[{"embeddable":true,"href":"https:\/\/www.sindbadjewellery.com\/fr\/wp-json\/wp\/v2\/users\/1"}],"replies":[{"embeddable":true,"href":"https:\/\/www.sindbadjewellery.com\/fr\/wp-json\/wp\/v2\/comments?post=5582"}],"version-history":[{"count":8,"href":"https:\/\/www.sindbadjewellery.com\/fr\/wp-json\/wp\/v2\/pages\/5582\/revisions"}],"predecessor-version":[{"id":178781,"href":"https:\/\/www.sindbadjewellery.com\/fr\/wp-json\/wp\/v2\/pages\/5582\/revisions\/178781"}],"wp:attachment":[{"href":"https:\/\/www.sindbadjewellery.com\/fr\/wp-json\/wp\/v2\/media?parent=5582"}],"curies":[{"name":"wp","href":"https:\/\/api.w.org\/{rel}","templated":true}]}}