{"id":5590,"date":"2017-03-14T22:34:07","date_gmt":"2017-03-14T22:34:07","guid":{"rendered":"http:\/\/www.sindbadjewellery.com\/?page_id=5590\/"},"modified":"2017-03-14T22:34:25","modified_gmt":"2017-03-14T22:34:25","slug":"devenir-client","status":"publish","type":"page","link":"https:\/\/www.sindbadjewellery.com\/fr\/devenir-client\/","title":{"rendered":"Devenir client"},"content":{"rendered":"<p>[vc_row css_animation=&#8221;&#8221; row_type=&#8221;row&#8221; use_row_as_full_screen_section=&#8221;no&#8221; type=&#8221;full_width&#8221; angled_section=&#8221;no&#8221; text_align=&#8221;left&#8221; background_image_as_pattern=&#8221;without_pattern&#8221;][vc_column][vc_column_text]<\/p>\n<h4 style=\"text-align: center;\">Si vous \u00eates une entreprise op\u00e9rant dans l&#8217;industrie des bijoux, vous pouvez soumettre une demande pour devenir client de Sindbad en remplissant le formulaire ci-dessous. Sur r\u00e9ception de vos informations, nous vous contacterons par t\u00e9l\u00e9phone ou par e-mail d\u00e8s que possible.<\/h4>\n<div><\/div>\n<div style=\"text-align: center;\"><\/div>\n<div style=\"text-align: center;\"><\/div>\n<div style=\"text-align: center;\"><em>Pour obtenir des renseignements g\u00e9n\u00e9raux sur les produits et services de Sindbad Inc., <a href=\"\/fr\/contact\">veuillez nous contactez<\/a>.<\/em><\/div>\n<div><\/div>\n<p>[\/vc_column_text][vc_empty_space height=&#8221;40px&#8221;][\/vc_column][\/vc_row][vc_row css_animation=&#8221;&#8221; row_type=&#8221;row&#8221; use_row_as_full_screen_section=&#8221;no&#8221; type=&#8221;full_width&#8221; angled_section=&#8221;no&#8221; text_align=&#8221;left&#8221; background_image_as_pattern=&#8221;without_pattern&#8221; css=&#8221;.vc_custom_1487894136428{padding-top: 30px !important;padding-bottom: 30px !important;background-color: #ffffff !important;border-radius: 5px !important;}&#8221;][vc_column]\n<div class=\"wpcf7 no-js\" id=\"wpcf7-f5591-o1\" lang=\"en-US\" dir=\"ltr\">\n<div class=\"screen-reader-response\"><p role=\"status\" aria-live=\"polite\" aria-atomic=\"true\"><\/p> <ul><\/ul><\/div>\n<form action=\"\/fr\/wp-json\/wp\/v2\/pages\/5590#wpcf7-f5591-o1\" method=\"post\" class=\"wpcf7-form init cf7_custom_style_1\" aria-label=\"Contact form\" novalidate=\"novalidate\" data-status=\"init\">\n<div style=\"display: none;\">\n<input type=\"hidden\" name=\"_wpcf7\" value=\"5591\" \/>\n<input type=\"hidden\" name=\"_wpcf7_version\" value=\"5.9.6\" \/>\n<input type=\"hidden\" name=\"_wpcf7_locale\" value=\"en_US\" \/>\n<input type=\"hidden\" name=\"_wpcf7_unit_tag\" value=\"wpcf7-f5591-o1\" \/>\n<input type=\"hidden\" name=\"_wpcf7_container_post\" value=\"0\" \/>\n<input type=\"hidden\" name=\"_wpcf7_posted_data_hash\" value=\"\" \/>\n<\/div>\n<h3>Informations d'entreprise\n<\/h3>\n<div class=\"vc_row\">\n\t<div class=\"vc_col-sm-6\">\n\t\t<p><span style=\"color:red;\">*<\/span> Nom de l'entreprise:<br \/>\n<span class=\"wpcf7-form-control-wrap\" data-name=\"your-business-name\"><input size=\"40\" maxlength=\"80\" class=\"wpcf7-form-control wpcf7-text wpcf7-validates-as-required\" aria-required=\"true\" aria-invalid=\"false\" placeholder=\"* Nom de l&#039;entreprise\" value=\"\" type=\"text\" name=\"your-business-name\" \/><\/span>\n\t\t<\/p>\n\t<\/div>\n\t<div class=\"vc_col-sm-3\">\n\t\t<p><span style=\"color:red;\">*<\/span> Type de commerce:<br \/>\n<span class=\"wpcf7-form-control-wrap\" data-name=\"your-type\"><input size=\"40\" maxlength=\"80\" class=\"wpcf7-form-control wpcf7-text wpcf7-validates-as-required\" aria-required=\"true\" aria-invalid=\"false\" placeholder=\"* Magasin, Grossiste, etc.\" value=\"\" type=\"text\" name=\"your-type\" \/><\/span>\n\t\t<\/p>\n\t<\/div>\n\t<div class=\"vc_col-sm-3\">\n\t\t<p><span style=\"color:red;\">*<\/span> Ann\u00e9es en affaires:<br \/>\n<span class=\"wpcf7-form-control-wrap\" data-name=\"your-age\"><input class=\"wpcf7-form-control wpcf7-number wpcf7-validates-as-required wpcf7-validates-as-number\" aria-required=\"true\" aria-invalid=\"false\" placeholder=\"* Ann\u00e9es en affaires\" value=\"\" type=\"number\" name=\"your-age\" \/><\/span>\n\t\t<\/p>\n\t<\/div>\n<\/div>\n<h3>Coordonn\u00e9es\n<\/h3>\n<div class=\"vc_row\">\n\t<div class=\"vc_col-sm-3\">\n\t\t<p><span style=\"color:red;\">*<\/span> Nom et pr\u00e9nom:<br \/>\n<span class=\"wpcf7-form-control-wrap\" data-name=\"your-name\"><input size=\"40\" maxlength=\"80\" class=\"wpcf7-form-control wpcf7-text wpcf7-validates-as-required\" aria-required=\"true\" aria-invalid=\"false\" placeholder=\"* Nom et pr\u00e9nom\" value=\"\" type=\"text\" name=\"your-name\" \/><\/span>\n\t\t<\/p>\n\t<\/div>\n\t<div class=\"vc_col-sm-3\">\n\t\t<p><span style=\"color:red;\">*<\/span> Adresse email:<br \/>\n<span class=\"wpcf7-form-control-wrap\" data-name=\"your-email\"><input size=\"40\" maxlength=\"80\" class=\"wpcf7-form-control wpcf7-email wpcf7-validates-as-required wpcf7-text wpcf7-validates-as-email\" aria-required=\"true\" aria-invalid=\"false\" placeholder=\"* Votre adresse email\" value=\"\" type=\"email\" name=\"your-email\" \/><\/span>\n\t\t<\/p>\n\t<\/div>\n\t<div class=\"vc_col-sm-3\">\n\t\t<p><span style=\"color:red;\">*<\/span> Num\u00e9ro de t\u00e9l\u00e9phone:<br \/>\n<span class=\"wpcf7-form-control-wrap\" data-name=\"your-number\"><input size=\"40\" maxlength=\"80\" class=\"wpcf7-form-control wpcf7-tel wpcf7-validates-as-required wpcf7-text wpcf7-validates-as-tel\" aria-required=\"true\" aria-invalid=\"false\" placeholder=\"* Num\u00e9ro de t\u00e9l\u00e9phone\" value=\"\" type=\"tel\" name=\"your-number\" \/><\/span>\n\t\t<\/p>\n\t<\/div>\n\t<div class=\"vc_col-sm-3\">\n\t\t<p>Num\u00e9ro de fax:<br \/>\n<span class=\"wpcf7-form-control-wrap\" data-name=\"your-fax\"><input size=\"40\" maxlength=\"80\" class=\"wpcf7-form-control wpcf7-tel wpcf7-text wpcf7-validates-as-tel\" aria-invalid=\"false\" placeholder=\"Num\u00e9ro de fax\" value=\"\" type=\"tel\" name=\"your-fax\" \/><\/span>\n\t\t<\/p>\n\t<\/div>\n<\/div>\n<div class=\"vc_row\">\n\t<div class=\"vc_col-sm-3\">\n\t\t<p><span style=\"color:red;\">*<\/span> Adresse:<br \/>\n<span class=\"wpcf7-form-control-wrap\" data-name=\"your-address-1\"><input size=\"40\" maxlength=\"80\" class=\"wpcf7-form-control wpcf7-text wpcf7-validates-as-required\" aria-required=\"true\" aria-invalid=\"false\" placeholder=\"* Num\u00e9ro civique et nom de la rue\" value=\"\" type=\"text\" name=\"your-address-1\" \/><\/span>\n\t\t<\/p>\n\t<\/div>\n\t<div class=\"vc_col-sm-3\">\n\t\t<p>Num\u00e9ro de la suite:<br \/>\n<span class=\"wpcf7-form-control-wrap\" data-name=\"your-address-2\"><input size=\"40\" maxlength=\"80\" class=\"wpcf7-form-control wpcf7-text\" aria-invalid=\"false\" placeholder=\"Num\u00e9ro de la suite\" value=\"\" type=\"text\" name=\"your-address-2\" \/><\/span>\n\t\t<\/p>\n\t<\/div>\n\t<div class=\"vc_col-sm-3\">\n\t\t<p><span style=\"color:red;\">*<\/span>Ville:<br \/>\n<span class=\"wpcf7-form-control-wrap\" data-name=\"your-city\"><input size=\"40\" maxlength=\"80\" class=\"wpcf7-form-control wpcf7-text wpcf7-validates-as-required\" aria-required=\"true\" aria-invalid=\"false\" placeholder=\"* Ville\" value=\"\" type=\"text\" name=\"your-city\" \/><\/span>\n\t\t<\/p>\n\t<\/div>\n\t<div class=\"vc_col-sm-3\">\n\t\t<p><span style=\"color:red;\">*<\/span> Province\/Etat:<br \/>\n<span class=\"wpcf7-form-control-wrap\" data-name=\"your-province\"><input size=\"40\" maxlength=\"80\" class=\"wpcf7-form-control wpcf7-text wpcf7-validates-as-required\" aria-required=\"true\" aria-invalid=\"false\" placeholder=\"* Province\/Etat\" value=\"\" type=\"text\" name=\"your-province\" \/><\/span>\n\t\t<\/p>\n\t<\/div>\n\t<div class=\"vc_col-sm-3\">\n\t\t<p><span style=\"color:red;\">*<\/span> Code Postal:<br \/>\n<span class=\"wpcf7-form-control-wrap\" data-name=\"your-postal\"><input size=\"40\" maxlength=\"80\" class=\"wpcf7-form-control wpcf7-text wpcf7-validates-as-required\" aria-required=\"true\" aria-invalid=\"false\" placeholder=\"* Code Postal\" value=\"\" type=\"text\" name=\"your-postal\" \/><\/span>\n\t\t<\/p>\n\t<\/div>\n<\/div>\n<h3>Autres informations\n<\/h3>\n<div class=\"vc_row\">\n\t<div class=\"vc_col-sm-4\">\n\t\t<p><span style=\"color:red;\">*<\/span> Quels produits \/ services vous int\u00e9ressent?<br \/>\n<span class=\"wpcf7-form-control-wrap\" data-name=\"your-interests\"><span class=\"wpcf7-form-control wpcf7-checkbox\"><span class=\"wpcf7-list-item first\"><label><input type=\"checkbox\" name=\"your-interests[]\" value=\"Bijoux en diamant\" \/><span class=\"wpcf7-list-item-label\">Bijoux en diamant<\/span><\/label><\/span><span class=\"wpcf7-list-item\"><label><input type=\"checkbox\" name=\"your-interests[]\" value=\"Bijoux en or\" \/><span class=\"wpcf7-list-item-label\">Bijoux en or<\/span><\/label><\/span><span class=\"wpcf7-list-item\"><label><input type=\"checkbox\" name=\"your-interests[]\" value=\"Bijoux en argent\" \/><span class=\"wpcf7-list-item-label\">Bijoux en argent<\/span><\/label><\/span><span class=\"wpcf7-list-item\"><label><input type=\"checkbox\" name=\"your-interests[]\" value=\"Bijoux personnalis\u00e9s\" \/><span class=\"wpcf7-list-item-label\">Bijoux personnalis\u00e9s<\/span><\/label><\/span><span class=\"wpcf7-list-item last\"><label><input type=\"checkbox\" name=\"your-interests[]\" value=\"Autres\" \/><span class=\"wpcf7-list-item-label\">Autres<\/span><\/label><\/span><\/span><\/span>\n\t\t<\/p>\n\t<\/div>\n\t<div class=\"vc_col-sm-4\">\n\t\t<p>Message:<br \/>\n<span class=\"wpcf7-form-control-wrap\" data-name=\"your-message\"><textarea cols=\"40\" rows=\"10\" maxlength=\"400\" class=\"wpcf7-form-control wpcf7-textarea\" aria-invalid=\"false\" placeholder=\"Message, commentaires ou questions\" name=\"your-message\"><\/textarea><\/span>\n\t\t<\/p>\n\t<\/div>\n\t<div class=\"vc_col-sm-4\" style=\"text-align:center;\">\n\t\t<p><input class=\"wpcf7-form-control wpcf7-submit has-spinner\" type=\"submit\" value=\"Envoyez la demande!\" \/>\n\t\t<\/p>\n\t<\/div>\n<\/div><div class=\"wpcf7-response-output\" aria-hidden=\"true\"><\/div>\n<\/form>\n<\/div>\n[\/vc_column][\/vc_row][vc_row css_animation=&#8221;&#8221; row_type=&#8221;row&#8221; use_row_as_full_screen_section=&#8221;no&#8221; type=&#8221;full_width&#8221; angled_section=&#8221;no&#8221; text_align=&#8221;left&#8221; background_image_as_pattern=&#8221;without_pattern&#8221;][vc_column][vc_column_text]<\/p>\n<p style=\"text-align: center;\"><span style=\"color: #808080;\"><em>Nous respectons votre vie priv\u00e9e et ne vendrons jamais votre information \u00e0 un tiers. Votre information ne sera utilis\u00e9e que pour vous contacter par t\u00e9l\u00e9phone ou en personne.<\/em><\/span><\/p>\n<p>[\/vc_column_text][vc_empty_space height=&#8221;40px&#8221;][\/vc_column][\/vc_row]<\/p>\n","protected":false},"excerpt":{"rendered":"<p>[vc_row css_animation=&#8221;&#8221; row_type=&#8221;row&#8221; use_row_as_full_screen_section=&#8221;no&#8221; type=&#8221;full_width&#8221; angled_section=&#8221;no&#8221; text_align=&#8221;left&#8221; background_image_as_pattern=&#8221;without_pattern&#8221;][vc_column][vc_column_text] Si vous&#8230;<\/p>\n","protected":false},"author":1,"featured_media":0,"parent":0,"menu_order":0,"comment_status":"closed","ping_status":"closed","template":"","meta":{"footnotes":""},"class_list":["post-5590","page","type-page","status-publish","hentry"],"_links":{"self":[{"href":"https:\/\/www.sindbadjewellery.com\/fr\/wp-json\/wp\/v2\/pages\/5590","targetHints":{"allow":["GET"]}}],"collection":[{"href":"https:\/\/www.sindbadjewellery.com\/fr\/wp-json\/wp\/v2\/pages"}],"about":[{"href":"https:\/\/www.sindbadjewellery.com\/fr\/wp-json\/wp\/v2\/types\/page"}],"author":[{"embeddable":true,"href":"https:\/\/www.sindbadjewellery.com\/fr\/wp-json\/wp\/v2\/users\/1"}],"replies":[{"embeddable":true,"href":"https:\/\/www.sindbadjewellery.com\/fr\/wp-json\/wp\/v2\/comments?post=5590"}],"version-history":[{"count":2,"href":"https:\/\/www.sindbadjewellery.com\/fr\/wp-json\/wp\/v2\/pages\/5590\/revisions"}],"predecessor-version":[{"id":5593,"href":"https:\/\/www.sindbadjewellery.com\/fr\/wp-json\/wp\/v2\/pages\/5590\/revisions\/5593"}],"wp:attachment":[{"href":"https:\/\/www.sindbadjewellery.com\/fr\/wp-json\/wp\/v2\/media?parent=5590"}],"curies":[{"name":"wp","href":"https:\/\/api.w.org\/{rel}","templated":true}]}}