{"id":5600,"date":"2017-02-22T01:08:53","date_gmt":"2017-02-22T01:08:53","guid":{"rendered":"http:\/\/www.sindbadjewellery.com\/contact\/"},"modified":"2017-03-14T22:46:14","modified_gmt":"2017-03-14T22:46:14","slug":"contact","status":"publish","type":"page","link":"https:\/\/www.sindbadjewellery.com\/fr\/contact\/","title":{"rendered":"Contact"},"content":{"rendered":"<p>[vc_row css_animation=&#8221;&#8221; row_type=&#8221;row&#8221; use_row_as_full_screen_section=&#8221;no&#8221; type=&#8221;full_width&#8221; angled_section=&#8221;no&#8221; text_align=&#8221;left&#8221; background_image_as_pattern=&#8221;without_pattern&#8221;][vc_column][vc_column_text]<\/p>\n<h4 style=\"text-align: center;\">N&#8217;h\u00e9sitez pas \u00e0 nous contacter si vous avez des questions. Si vous n&#8217;\u00eates pas encore client de Sindbad, <strong><a href=\"\/fr\/devenir-client\">cliquez ici pour devenir client<\/a>.<\/strong><\/h4>\n<p>[\/vc_column_text][vc_empty_space height=&#8221;40px&#8221;][\/vc_column][\/vc_row][vc_row css_animation=&#8221;&#8221; row_type=&#8221;row&#8221; use_row_as_full_screen_section=&#8221;no&#8221; type=&#8221;full_width&#8221; angled_section=&#8221;no&#8221; text_align=&#8221;left&#8221; background_image_as_pattern=&#8221;without_pattern&#8221;][vc_column width=&#8221;1\/2&#8243;][vc_column_text]<\/p>\n<h3 style=\"text-align: center;\">Si\u00e8ge social \u00e0 montr\u00e9al<\/h3>\n<p>[\/vc_column_text][vc_empty_space][vc_column_text]<\/p>\n<h4 style=\"text-align: center;\">Tel: (514) 866-1511<br \/>\nToll-Free: 1-888-866-1511<br \/>\nFax: (514) 866-1518<br \/>\n<a href=\"sindbad@sindbadjewellery.com\">sindbad@sindbadjewellery.com<\/a><\/h4>\n<p>[\/vc_column_text][vc_empty_space][vc_column_text]<\/p>\n<h4 style=\"text-align: center;\">606 Cathcart, Suite 350<br \/>\nMontreal, QC, H3B1K9<\/h4>\n<p>[\/vc_column_text][vc_empty_space][vc_gmaps link=&#8221;#E-8_JTNDaWZyYW1lJTIwc3JjJTNEJTIyaHR0cHMlM0ElMkYlMkZ3d3cuZ29vZ2xlLmNvbSUyRm1hcHMlMkZlbWJlZCUzRnBiJTNEJTIxMW0xOCUyMTFtMTIlMjExbTMlMjExZDI3OTYuMzMyNzg4MjM5MTY0NSUyMTJkLTczLjU3MDEwNzc0ODY1MTk1JTIxM2Q0NS41MDMzNzkwNzg5OTg3NyUyMTJtMyUyMTFmMCUyMTJmMCUyMTNmMCUyMTNtMiUyMTFpMTAyNCUyMTJpNzY4JTIxNGYxMy4xJTIxM20zJTIxMW0yJTIxMXMweDRjYzkxYTQ1MDFiYmVkZjMlMjUzQTB4YWVlOWZlMGQ3ODJhNGRhZCUyMTJzU2luZGJhZCUyQkluYyUyMTVlMCUyMTNtMiUyMTFzZW4lMjEyc2NhJTIxNHYxNDg4MjM2MTcxMzQ0JTIyJTIwd2lkdGglM0QlMjIxMDAlMjUlMjIlMjBoZWlnaHQlM0QlMjI0MDAlMjIlMjBmcmFtZWJvcmRlciUzRCUyMjAlMjIlMjBzdHlsZSUzRCUyMmJvcmRlciUzQTRweCUyMHNvbGlkJTIwd2hpdGUlM0IlMjIlMjBhbGxvd2Z1bGxzY3JlZW4lM0UlM0MlMkZpZnJhbWUlM0U=&#8221; css_animation=&#8221;fadeInUp&#8221;][vc_empty_space][\/vc_column][vc_column width=&#8221;1\/2&#8243;][vc_column_text]<\/p>\n<h3 style=\"text-align: center;\">Bureau \u00e0 Toronto<\/h3>\n<p>[\/vc_column_text][vc_empty_space][vc_column_text]<\/p>\n<h4 style=\"text-align: center;\">Tel: (416) 863-1995<br \/>\nToll-Free: 1-866-863-1995<br \/>\nFax: (416) 863-5146<br \/>\n<a href=\"toronto@sindbadjewellery.com\">toronto@sindbadjewellery.com<\/a><\/h4>\n<p>[\/vc_column_text][vc_empty_space][vc_column_text]<\/p>\n<h4 style=\"text-align: center;\">55 Queen St. East, Suite 304<br \/>\nToronto, ON, M5C 1R6<\/h4>\n<p>[\/vc_column_text][vc_empty_space][vc_gmaps link=&#8221;#E-8_JTNDaWZyYW1lJTIwc3JjJTNEJTIyaHR0cHMlM0ElMkYlMkZ3d3cuZ29vZ2xlLmNvbSUyRm1hcHMlMkZlbWJlZCUzRnBiJTNEJTIxMW0xOCUyMTFtMTIlMjExbTMlMjExZDI4ODYuNzgyMzM5MzcwNjUyNiUyMTJkLTc5LjM3ODk3NTY0ODcwNjIlMjEzZDQzLjY1MjY5NjY3OTAxODg3NCUyMTJtMyUyMTFmMCUyMTJmMCUyMTNmMCUyMTNtMiUyMTFpMTAyNCUyMTJpNzY4JTIxNGYxMy4xJTIxM20zJTIxMW0yJTIxMXMweDg5ZDRjYjMzODUyZDU2NTUlMjUzQTB4MjlkZWYwMzFjZDkxN2RlYyUyMTJzU2luZGJhZCUyQkluYyUyMTVlMCUyMTNtMiUyMTFzZW4lMjEyc2NhJTIxNHYxNDg4MjM2MjAzNjQyJTIyJTIwd2lkdGglM0QlMjIxMDAlMjUlMjIlMjBoZWlnaHQlM0QlMjI0MDAlMjIlMjBmcmFtZWJvcmRlciUzRCUyMjAlMjIlMjBzdHlsZSUzRCUyMmJvcmRlciUzQTRweCUyMHNvbGlkJTIwd2hpdGUlM0IlMjIlMjBhbGxvd2Z1bGxzY3JlZW4lM0UlM0MlMkZpZnJhbWUlM0U=&#8221; css_animation=&#8221;fadeInUp&#8221;][vc_empty_space][\/vc_column][\/vc_row][vc_row css_animation=&#8221;&#8221; row_type=&#8221;row&#8221; use_row_as_full_screen_section=&#8221;no&#8221; type=&#8221;full_width&#8221; angled_section=&#8221;no&#8221; text_align=&#8221;left&#8221; background_image_as_pattern=&#8221;without_pattern&#8221;][vc_column][vc_empty_space height=&#8221;40px&#8221;][\/vc_column][\/vc_row]<\/p>\n","protected":false},"excerpt":{"rendered":"<p>[vc_row css_animation=&#8221;&#8221; row_type=&#8221;row&#8221; use_row_as_full_screen_section=&#8221;no&#8221; type=&#8221;full_width&#8221; angled_section=&#8221;no&#8221; text_align=&#8221;left&#8221; background_image_as_pattern=&#8221;without_pattern&#8221;][vc_column][vc_column_text] N&#8217;h\u00e9sitez pas&#8230;<\/p>\n","protected":false},"author":1,"featured_media":0,"parent":0,"menu_order":0,"comment_status":"closed","ping_status":"closed","template":"","meta":{"footnotes":""},"class_list":["post-5600","page","type-page","status-publish","hentry"],"_links":{"self":[{"href":"https:\/\/www.sindbadjewellery.com\/fr\/wp-json\/wp\/v2\/pages\/5600","targetHints":{"allow":["GET"]}}],"collection":[{"href":"https:\/\/www.sindbadjewellery.com\/fr\/wp-json\/wp\/v2\/pages"}],"about":[{"href":"https:\/\/www.sindbadjewellery.com\/fr\/wp-json\/wp\/v2\/types\/page"}],"author":[{"embeddable":true,"href":"https:\/\/www.sindbadjewellery.com\/fr\/wp-json\/wp\/v2\/users\/1"}],"replies":[{"embeddable":true,"href":"https:\/\/www.sindbadjewellery.com\/fr\/wp-json\/wp\/v2\/comments?post=5600"}],"version-history":[{"count":3,"href":"https:\/\/www.sindbadjewellery.com\/fr\/wp-json\/wp\/v2\/pages\/5600\/revisions"}],"predecessor-version":[{"id":5604,"href":"https:\/\/www.sindbadjewellery.com\/fr\/wp-json\/wp\/v2\/pages\/5600\/revisions\/5604"}],"wp:attachment":[{"href":"https:\/\/www.sindbadjewellery.com\/fr\/wp-json\/wp\/v2\/media?parent=5600"}],"curies":[{"name":"wp","href":"https:\/\/api.w.org\/{rel}","templated":true}]}}